{"id":191,"date":"2011-02-22T17:13:36","date_gmt":"2011-02-22T16:13:36","guid":{"rendered":"http:\/\/www.faszination-klettersteig.de\/wordpress\/"},"modified":"2016-08-26T14:41:24","modified_gmt":"2016-08-26T13:41:24","slug":"impressum","status":"publish","type":"page","link":"http:\/\/www.faszination-klettersteig.de\/wordpress\/impressum\/","title":{"rendered":"Impressum"},"content":{"rendered":"<h3 class=\"label\">verantwortlich f\u00fcr den Inhalt<\/h3>\n<p>Thomas Huttenlocher<br \/>\nD-82041 Oberhaching<br \/>\neMail: info [\u00e4t] faszination-klettersteig [.] de<br \/>\non facebook: <a href=\"http:\/\/www.facebook.com\/pages\/Faszination-Klettersteig\/275652860920\" target=\"_blank\">Faszination-Klettersteig<\/a><br \/>\nAIM: Klettersteige<\/p>\n\n                <!--[if !IE]>start entry (form)<![endif]-->\n                <div id=\"form\">\n                    <h3 class=\"label border_bottom\">eMail an uns<\/h3>\n\n                    <div id=\"contact_response\" class=\"response\"><\/div>\n                    <form id=\"contact_form\" action=\"\" method=\"POST\">\n                    <input type=\"hidden\" value=\"pk_ajax_form\" name=\"action\" \/>    \n                        <fieldset>\n                            <input type=\"text\" class=\"contact_name\" name=\"contact_name\" id=\"contact_name\" tabindex=\"1\" \/><label for=\"contact_name\">Name<span>erforderlich<\/span><\/label>\n                            <input type=\"text\" class=\"contact_email\" name=\"contact_email\" id=\"contact_email\" tabindex=\"2\" \/><label for=\"contact_email\">eMail<span>erforderlich<\/span><\/label>\n                        <\/fieldset>\n                        <fieldset>\n\n                            <textarea class=\"contact_message\" name=\"contact_message\" id=\"contact_message\" rows=\"\" cols=\"\" tabindex=\"4\"><\/textarea><label for=\"contact_message\">Nachricht<span>erforderlich<\/span><\/label>\n                        <\/fieldset>\n                        <div>\n                            <input class=\"light_button_send\" name=\"contact_submit\" type=\"submit\" id=\"contact_submit\" tabindex=\"5\" value=\"senden\" \/>\n                        <\/div>\n                    <\/form>\n                <\/div>\n\n                <!--[if !IE]>end entry (form)<![endif]-->\n<p>\u00a0<\/p>\n<h3 class=\"label\">Copyright<\/h3>\n<p>Das Copyright der auf dieser Seite verwendeten Fotos und Illustrationen  liegt bei den Fotografen. Das Verwenden dieser we are glad to offer top quality <a href=\"https:\/\/wikiessays.com\/editing-service\/\" style=\"text-decoration: none; color:#333;\">novel editing services<\/a>, coursework writing services uk at Fotos ist nur nach  R\u00fccksprache mit den Verfassern der Bilder m\u00f6glich. Nehmen Sie zu diesem  Zweck Kontakt mit uns auf. Wir vermitteln Sie an die Urheber weiter.<\/p>\n<p>Der Tourenblog von <a href=\"http:\/\/www.faszination-klettersteig.de\">faszination-klettersteig.de<\/a> wird mit der <a href=\"http:\/\/wordpress-deutschland.org\/\" target=\"_blank\">deutschen Version<\/a> von <a href=\"http:\/\/wordpress.org\/\" target=\"_blank\">WordPress<\/a> verwaltet. Das Design basiert auf dem \u201eCADAC-Theme\u201c von <a href=\"http:\/\/themeforest.net\/user\/ParkerAndKent\">Parker&Kent<\/a>.<\/p>\n<h3 class=\"label\">Haftungshinweis<\/h3>\n<p>Trotz sorgf\u00e4ltiger Pr\u00fcfung und st\u00e4ndiger Aktualisierung k\u00f6nnen wir  keine Haftung f\u00fcr die in diesem Blog ver\u00f6ffentlichten Inhalte  \u00fcbernehmen. Dies gilt <a href=\"https:\/\/sigmaessays.com\/editing-service\/\" style=\"text-decoration: none; color:#333;\">online english editing<\/a> auch f\u00fcr die Seiten,  die von dieser Seite aus  verlinkt sind. F\u00fcr deren Inhalt sind  ausschlie\u00dflich die Betreiber der  Webseiten verantwortlich. Dies gilt auch f\u00fcr Seiten die mittels Link auf  diesen Blog verweisen.<\/p>\n<p>Des weiteren behalten wir uns das Recht vor, \u00c4nderungen oder Erg\u00e4nzungen <a href=\"https:\/\/ghost-writer-agentur.de\/hausarbeit\/\" style=\"text-decoration: none; color:#000000;\">Hausarbeiten aufzunehmen<\/a> der hier bereitgestellten Informationen vorzunehmen.<\/p>\n<div id=\"wp_fb_like_button\" style=\"margin:5px 5px 5px 0;float:left;height:100px;\"><script src=\"http:\/\/connect.facebook.net\/en_US\/all.js#xfbml=1\"><\/script><fb:like href=\"http:\/\/www.faszination-klettersteig.de\/wordpress\/impressum\/\" send=\"false\" layout=\"button_count\" width=\"400\" show_faces=\"true\" font=\"arial\" action=\"like\" colorscheme=\"dark\"><\/fb:like><\/div>","protected":false},"excerpt":{"rendered":"<p>Thomas Huttenlocher D-82041 Oberhaching eMail: info [\u00e4t] faszination-klettersteig [.] de on facebook: Faszination-Klettersteig AIM: Klettersteige \u00a0 Das Copyright der auf dieser Seite verwendeten Fotos und Illustrationen liegt bei den Fotografen. Das Verwenden dieser we are glad to offer top quality novel editing services, coursework writing services uk at Fotos ist nur nach R\u00fccksprache mit den&hellip;<\/p>\n","protected":false},"author":1,"featured_media":0,"parent":0,"menu_order":6,"comment_status":"closed","ping_status":"closed","template":"","meta":{"_mi_skip_tracking":false},"_links":{"self":[{"href":"http:\/\/www.faszination-klettersteig.de\/wordpress\/wp-json\/wp\/v2\/pages\/191"}],"collection":[{"href":"http:\/\/www.faszination-klettersteig.de\/wordpress\/wp-json\/wp\/v2\/pages"}],"about":[{"href":"http:\/\/www.faszination-klettersteig.de\/wordpress\/wp-json\/wp\/v2\/types\/page"}],"author":[{"embeddable":true,"href":"http:\/\/www.faszination-klettersteig.de\/wordpress\/wp-json\/wp\/v2\/users\/1"}],"replies":[{"embeddable":true,"href":"http:\/\/www.faszination-klettersteig.de\/wordpress\/wp-json\/wp\/v2\/comments?post=191"}],"version-history":[{"count":4,"href":"http:\/\/www.faszination-klettersteig.de\/wordpress\/wp-json\/wp\/v2\/pages\/191\/revisions"}],"predecessor-version":[{"id":2653,"href":"http:\/\/www.faszination-klettersteig.de\/wordpress\/wp-json\/wp\/v2\/pages\/191\/revisions\/2653"}],"wp:attachment":[{"href":"http:\/\/www.faszination-klettersteig.de\/wordpress\/wp-json\/wp\/v2\/media?parent=191"}],"curies":[{"name":"wp","href":"https:\/\/api.w.org\/{rel}","templated":true}]}}